{"id":102,"date":"2015-03-17T16:32:49","date_gmt":"2015-03-17T15:32:49","guid":{"rendered":"http:\/\/vertes-autosiskola.hu\/wp\/?page_id=102"},"modified":"2024-02-27T07:45:28","modified_gmt":"2024-02-27T06:45:28","slug":"erchegyi-attila","status":"publish","type":"page","link":"https:\/\/vertes-autosiskola.hu\/wp\/oktatok\/erchegyi-attila\/","title":{"rendered":"\u00c9RCHEGYI ATTILA"},"content":{"rendered":"<p>Telefon:\u00a00630\/5840407<\/p>\n<p><a  href=\"https:\/\/vertes-autosiskola.hu\/wp\/wp-content\/uploads\/Erchegyi_Attila_fekete_csik.jpg\" data-rel=\"lightbox-gallery-0\" data-rl_title=\"\" data-rl_caption=\"\" title=\"\"><img loading=\"lazy\" decoding=\"async\" class=\"aligncenter wp-image-1632 size-full\" src=\"https:\/\/vertes-autosiskola.hu\/wp\/wp-content\/uploads\/Erchegyi_Attila_fekete_csik.jpg\" alt=\"\" width=\"800\" height=\"600\" srcset=\"https:\/\/vertes-autosiskola.hu\/wp\/wp-content\/uploads\/Erchegyi_Attila_fekete_csik.jpg 800w, https:\/\/vertes-autosiskola.hu\/wp\/wp-content\/uploads\/Erchegyi_Attila_fekete_csik-300x225.jpg 300w, https:\/\/vertes-autosiskola.hu\/wp\/wp-content\/uploads\/Erchegyi_Attila_fekete_csik-768x576.jpg 768w\" sizes=\"auto, (max-width: 800px) 100vw, 800px\" \/><\/a><\/p>\n","protected":false},"excerpt":{"rendered":"<p>Telefon:\u00a00630\/5840407<\/p>\n","protected":false},"author":1,"featured_media":0,"parent":97,"menu_order":0,"comment_status":"closed","ping_status":"closed","template":"","meta":{"footnotes":""},"class_list":["post-102","page","type-page","status-publish","hentry"],"featured_image_urls_v2":{"full":"","thumbnail":"","medium":"","medium_large":"","large":"","1536x1536":"","2048x2048":"","post-thumbnail":"","twentyfourteen-full-width":""},"post_excerpt_stackable_v2":"<p>Telefon:\u00a00630\/5840407<\/p>\n","category_list_v2":"","author_info_v2":{"name":"Admin","url":"https:\/\/vertes-autosiskola.hu\/wp\/author\/admin\/"},"comments_num_v2":"0 comments","yoast_head":"<!-- This site is optimized with the Yoast SEO plugin v27.0 - https:\/\/yoast.com\/product\/yoast-seo-wordpress\/ -->\n<title>\u00c9RCHEGYI ATTILA - V\u00e9rtes Aut\u00f3siskola<\/title>\n<meta name=\"robots\" content=\"index, follow, max-snippet:-1, max-image-preview:large, max-video-preview:-1\" \/>\n<link rel=\"canonical\" href=\"https:\/\/vertes-autosiskola.hu\/wp\/oktatok\/erchegyi-attila\/\" \/>\n<meta property=\"og:locale\" content=\"hu_HU\" \/>\n<meta property=\"og:type\" content=\"article\" \/>\n<meta property=\"og:title\" content=\"\u00c9RCHEGYI ATTILA - V\u00e9rtes Aut\u00f3siskola\" \/>\n<meta property=\"og:description\" content=\"Telefon:\u00a00630\/5840407\" \/>\n<meta property=\"og:url\" content=\"https:\/\/vertes-autosiskola.hu\/wp\/oktatok\/erchegyi-attila\/\" \/>\n<meta property=\"og:site_name\" content=\"V\u00e9rtes Aut\u00f3siskola\" \/>\n<meta property=\"article:modified_time\" content=\"2024-02-27T06:45:28+00:00\" \/>\n<meta property=\"og:image\" content=\"http:\/\/vertes-autosiskola.hu\/wp\/wp-content\/uploads\/Erchegyi_Attila_fekete_csik.jpg\" \/>\n<meta name=\"twitter:card\" content=\"summary_large_image\" \/>\n<script type=\"application\/ld+json\" class=\"yoast-schema-graph\">{\"@context\":\"https:\/\/schema.org\",\"@graph\":[{\"@type\":\"WebPage\",\"@id\":\"https:\/\/vertes-autosiskola.hu\/wp\/oktatok\/erchegyi-attila\/\",\"url\":\"https:\/\/vertes-autosiskola.hu\/wp\/oktatok\/erchegyi-attila\/\",\"name\":\"\u00c9RCHEGYI ATTILA - V\u00e9rtes Aut\u00f3siskola\",\"isPartOf\":{\"@id\":\"https:\/\/vertes-autosiskola.hu\/wp\/#website\"},\"primaryImageOfPage\":{\"@id\":\"https:\/\/vertes-autosiskola.hu\/wp\/oktatok\/erchegyi-attila\/#primaryimage\"},\"image\":{\"@id\":\"https:\/\/vertes-autosiskola.hu\/wp\/oktatok\/erchegyi-attila\/#primaryimage\"},\"thumbnailUrl\":\"http:\/\/vertes-autosiskola.hu\/wp\/wp-content\/uploads\/Erchegyi_Attila_fekete_csik.jpg\",\"datePublished\":\"2015-03-17T15:32:49+00:00\",\"dateModified\":\"2024-02-27T06:45:28+00:00\",\"breadcrumb\":{\"@id\":\"https:\/\/vertes-autosiskola.hu\/wp\/oktatok\/erchegyi-attila\/#breadcrumb\"},\"inLanguage\":\"hu\",\"potentialAction\":[{\"@type\":\"ReadAction\",\"target\":[\"https:\/\/vertes-autosiskola.hu\/wp\/oktatok\/erchegyi-attila\/\"]}]},{\"@type\":\"ImageObject\",\"inLanguage\":\"hu\",\"@id\":\"https:\/\/vertes-autosiskola.hu\/wp\/oktatok\/erchegyi-attila\/#primaryimage\",\"url\":\"http:\/\/vertes-autosiskola.hu\/wp\/wp-content\/uploads\/Erchegyi_Attila_fekete_csik.jpg\",\"contentUrl\":\"http:\/\/vertes-autosiskola.hu\/wp\/wp-content\/uploads\/Erchegyi_Attila_fekete_csik.jpg\"},{\"@type\":\"BreadcrumbList\",\"@id\":\"https:\/\/vertes-autosiskola.hu\/wp\/oktatok\/erchegyi-attila\/#breadcrumb\",\"itemListElement\":[{\"@type\":\"ListItem\",\"position\":1,\"name\":\"Kezd\u0151lap\",\"item\":\"https:\/\/vertes-autosiskola.hu\/wp\/\"},{\"@type\":\"ListItem\",\"position\":2,\"name\":\"Oktat\u00f3k\",\"item\":\"https:\/\/vertes-autosiskola.hu\/wp\/oktatok\/\"},{\"@type\":\"ListItem\",\"position\":3,\"name\":\"\u00c9RCHEGYI ATTILA\"}]},{\"@type\":\"WebSite\",\"@id\":\"https:\/\/vertes-autosiskola.hu\/wp\/#website\",\"url\":\"https:\/\/vertes-autosiskola.hu\/wp\/\",\"name\":\"V\u00e9rtes Aut\u00f3siskola\",\"description\":\"Folyamatosan indul\u00f3 j\u00e1rm\u0171vezet\u0151i tanfolyamok\",\"potentialAction\":[{\"@type\":\"SearchAction\",\"target\":{\"@type\":\"EntryPoint\",\"urlTemplate\":\"https:\/\/vertes-autosiskola.hu\/wp\/?s={search_term_string}\"},\"query-input\":{\"@type\":\"PropertyValueSpecification\",\"valueRequired\":true,\"valueName\":\"search_term_string\"}}],\"inLanguage\":\"hu\"}]}<\/script>\n<!-- \/ Yoast SEO plugin. -->","yoast_head_json":{"title":"\u00c9RCHEGYI ATTILA - V\u00e9rtes Aut\u00f3siskola","robots":{"index":"index","follow":"follow","max-snippet":"max-snippet:-1","max-image-preview":"max-image-preview:large","max-video-preview":"max-video-preview:-1"},"canonical":"https:\/\/vertes-autosiskola.hu\/wp\/oktatok\/erchegyi-attila\/","og_locale":"hu_HU","og_type":"article","og_title":"\u00c9RCHEGYI ATTILA - V\u00e9rtes Aut\u00f3siskola","og_description":"Telefon:\u00a00630\/5840407","og_url":"https:\/\/vertes-autosiskola.hu\/wp\/oktatok\/erchegyi-attila\/","og_site_name":"V\u00e9rtes Aut\u00f3siskola","article_modified_time":"2024-02-27T06:45:28+00:00","og_image":[{"url":"http:\/\/vertes-autosiskola.hu\/wp\/wp-content\/uploads\/Erchegyi_Attila_fekete_csik.jpg","type":"","width":"","height":""}],"twitter_card":"summary_large_image","schema":{"@context":"https:\/\/schema.org","@graph":[{"@type":"WebPage","@id":"https:\/\/vertes-autosiskola.hu\/wp\/oktatok\/erchegyi-attila\/","url":"https:\/\/vertes-autosiskola.hu\/wp\/oktatok\/erchegyi-attila\/","name":"\u00c9RCHEGYI ATTILA - V\u00e9rtes Aut\u00f3siskola","isPartOf":{"@id":"https:\/\/vertes-autosiskola.hu\/wp\/#website"},"primaryImageOfPage":{"@id":"https:\/\/vertes-autosiskola.hu\/wp\/oktatok\/erchegyi-attila\/#primaryimage"},"image":{"@id":"https:\/\/vertes-autosiskola.hu\/wp\/oktatok\/erchegyi-attila\/#primaryimage"},"thumbnailUrl":"http:\/\/vertes-autosiskola.hu\/wp\/wp-content\/uploads\/Erchegyi_Attila_fekete_csik.jpg","datePublished":"2015-03-17T15:32:49+00:00","dateModified":"2024-02-27T06:45:28+00:00","breadcrumb":{"@id":"https:\/\/vertes-autosiskola.hu\/wp\/oktatok\/erchegyi-attila\/#breadcrumb"},"inLanguage":"hu","potentialAction":[{"@type":"ReadAction","target":["https:\/\/vertes-autosiskola.hu\/wp\/oktatok\/erchegyi-attila\/"]}]},{"@type":"ImageObject","inLanguage":"hu","@id":"https:\/\/vertes-autosiskola.hu\/wp\/oktatok\/erchegyi-attila\/#primaryimage","url":"http:\/\/vertes-autosiskola.hu\/wp\/wp-content\/uploads\/Erchegyi_Attila_fekete_csik.jpg","contentUrl":"http:\/\/vertes-autosiskola.hu\/wp\/wp-content\/uploads\/Erchegyi_Attila_fekete_csik.jpg"},{"@type":"BreadcrumbList","@id":"https:\/\/vertes-autosiskola.hu\/wp\/oktatok\/erchegyi-attila\/#breadcrumb","itemListElement":[{"@type":"ListItem","position":1,"name":"Kezd\u0151lap","item":"https:\/\/vertes-autosiskola.hu\/wp\/"},{"@type":"ListItem","position":2,"name":"Oktat\u00f3k","item":"https:\/\/vertes-autosiskola.hu\/wp\/oktatok\/"},{"@type":"ListItem","position":3,"name":"\u00c9RCHEGYI ATTILA"}]},{"@type":"WebSite","@id":"https:\/\/vertes-autosiskola.hu\/wp\/#website","url":"https:\/\/vertes-autosiskola.hu\/wp\/","name":"V\u00e9rtes Aut\u00f3siskola","description":"Folyamatosan indul\u00f3 j\u00e1rm\u0171vezet\u0151i tanfolyamok","potentialAction":[{"@type":"SearchAction","target":{"@type":"EntryPoint","urlTemplate":"https:\/\/vertes-autosiskola.hu\/wp\/?s={search_term_string}"},"query-input":{"@type":"PropertyValueSpecification","valueRequired":true,"valueName":"search_term_string"}}],"inLanguage":"hu"}]}},"_links":{"self":[{"href":"https:\/\/vertes-autosiskola.hu\/wp\/wp-json\/wp\/v2\/pages\/102","targetHints":{"allow":["GET"]}}],"collection":[{"href":"https:\/\/vertes-autosiskola.hu\/wp\/wp-json\/wp\/v2\/pages"}],"about":[{"href":"https:\/\/vertes-autosiskola.hu\/wp\/wp-json\/wp\/v2\/types\/page"}],"author":[{"embeddable":true,"href":"https:\/\/vertes-autosiskola.hu\/wp\/wp-json\/wp\/v2\/users\/1"}],"replies":[{"embeddable":true,"href":"https:\/\/vertes-autosiskola.hu\/wp\/wp-json\/wp\/v2\/comments?post=102"}],"version-history":[{"count":9,"href":"https:\/\/vertes-autosiskola.hu\/wp\/wp-json\/wp\/v2\/pages\/102\/revisions"}],"predecessor-version":[{"id":1633,"href":"https:\/\/vertes-autosiskola.hu\/wp\/wp-json\/wp\/v2\/pages\/102\/revisions\/1633"}],"up":[{"embeddable":true,"href":"https:\/\/vertes-autosiskola.hu\/wp\/wp-json\/wp\/v2\/pages\/97"}],"wp:attachment":[{"href":"https:\/\/vertes-autosiskola.hu\/wp\/wp-json\/wp\/v2\/media?parent=102"}],"curies":[{"name":"wp","href":"https:\/\/api.w.org\/{rel}","templated":true}]}}